{"id":2442,"date":"2023-09-22T17:41:50","date_gmt":"2023-09-22T15:41:50","guid":{"rendered":"https:\/\/seminarhof-drawehn.de\/trabajos\/"},"modified":"2025-04-08T11:47:37","modified_gmt":"2025-04-08T09:47:37","slug":"trabajos","status":"publish","type":"page","link":"https:\/\/seminarhof-drawehn.de\/es\/trabajos\/","title":{"rendered":"Anuncio"},"content":{"rendered":"\t\t<div data-elementor-type=\"wp-page\" data-elementor-id=\"2442\" class=\"elementor elementor-2442 elementor-1132\" data-elementor-post-type=\"page\">\n\t\t\t\t\t\t<section class=\"elementor-section elementor-top-section elementor-element elementor-element-d7c4f53 elementor-section-height-min-height coverbild elementor-section-content-middle elementor-section-boxed elementor-section-height-default elementor-section-items-middle\" data-id=\"d7c4f53\" data-element_type=\"section\" data-e-type=\"section\" data-settings=\"{&quot;background_background&quot;:&quot;classic&quot;}\">\n\t\t\t\t\t\t\t<div class=\"elementor-background-overlay\"><\/div>\n\t\t\t\t\t\t\t<div class=\"elementor-container elementor-column-gap-default\">\n\t\t\t\t\t<div class=\"elementor-column elementor-col-100 elementor-top-column elementor-element elementor-element-41ea85a\" data-id=\"41ea85a\" data-element_type=\"column\" data-e-type=\"column\">\n\t\t\t<div class=\"elementor-widget-wrap elementor-element-populated\">\n\t\t\t\t\t\t<div class=\"elementor-element elementor-element-8b0bb62 animated-slow elementor-invisible elementor-widget elementor-widget-global elementor-global-3097 elementor-widget-image\" data-id=\"8b0bb62\" data-element_type=\"widget\" data-e-type=\"widget\" data-settings=\"{&quot;_animation&quot;:&quot;fadeIn&quot;,&quot;_animation_delay&quot;:500}\" data-widget_type=\"image.default\">\n\t\t\t\t<div class=\"elementor-widget-container\">\n\t\t\t\t\t\t\t\t\t\t\t\t\t\t\t<img decoding=\"async\" width=\"1\" height=\"1\" src=\"https:\/\/seminarhof-drawehn.de\/wp-content\/uploads\/2023\/11\/White-5.svg\" class=\"attachment-medium size-medium wp-image-3091\" alt=\"\" \/>\t\t\t\t\t\t\t\t\t\t\t\t\t\t\t<\/div>\n\t\t\t\t<\/div>\n\t\t\t\t<div class=\"elementor-element elementor-element-b8db484 elementor-invisible elementor-widget elementor-widget-heading\" data-id=\"b8db484\" data-element_type=\"widget\" data-e-type=\"widget\" data-settings=\"{&quot;_animation&quot;:&quot;fadeIn&quot;,&quot;_animation_delay&quot;:2000}\" data-widget_type=\"heading.default\">\n\t\t\t\t<div class=\"elementor-widget-container\">\n\t\t\t\t\t<h1 class=\"elementor-heading-title elementor-size-default\">Anuncio<\/h1>\t\t\t\t<\/div>\n\t\t\t\t<\/div>\n\t\t\t\t<div class=\"elementor-element elementor-element-b17539a elementor-widget-divider--view-line elementor-invisible elementor-widget elementor-widget-divider\" data-id=\"b17539a\" data-element_type=\"widget\" data-e-type=\"widget\" data-settings=\"{&quot;_animation&quot;:&quot;fadeIn&quot;,&quot;_animation_delay&quot;:3000}\" data-widget_type=\"divider.default\">\n\t\t\t\t<div class=\"elementor-widget-container\">\n\t\t\t\t\t\t\t<div class=\"elementor-divider\">\n\t\t\t<span class=\"elementor-divider-separator\">\n\t\t\t\t\t\t<\/span>\n\t\t<\/div>\n\t\t\t\t\t\t<\/div>\n\t\t\t\t<\/div>\n\t\t\t\t\t<\/div>\n\t\t<\/div>\n\t\t\t\t\t<\/div>\n\t\t<\/section>\n\t\t\t\t<section class=\"elementor-section elementor-top-section elementor-element elementor-element-d6749ee elementor-section-boxed elementor-section-height-default elementor-section-height-default\" data-id=\"d6749ee\" data-element_type=\"section\" data-e-type=\"section\">\n\t\t\t\t\t\t<div class=\"elementor-container elementor-column-gap-default\">\n\t\t\t\t\t<div class=\"elementor-column elementor-col-100 elementor-top-column elementor-element elementor-element-b45fe4e\" data-id=\"b45fe4e\" data-element_type=\"column\" data-e-type=\"column\">\n\t\t\t<div class=\"elementor-widget-wrap elementor-element-populated\">\n\t\t\t\t\t\t<div class=\"elementor-element elementor-element-903ed5e elementor-widget elementor-widget-heading\" data-id=\"903ed5e\" data-element_type=\"widget\" data-e-type=\"widget\" data-widget_type=\"heading.default\">\n\t\t\t\t<div class=\"elementor-widget-container\">\n\t\t\t\t\t<h2 class=\"elementor-heading-title elementor-size-default\">Estamos buscando cocineros veganos-vegetarianos.<\/h2>\t\t\t\t<\/div>\n\t\t\t\t<\/div>\n\t\t\t\t<div class=\"elementor-element elementor-element-9c27af7 elementor-widget-divider--view-line elementor-widget elementor-widget-global elementor-global-101 elementor-widget-divider\" data-id=\"9c27af7\" data-element_type=\"widget\" data-e-type=\"widget\" data-settings=\"{&quot;_animation&quot;:&quot;none&quot;,&quot;_animation_delay&quot;:3000}\" data-widget_type=\"divider.default\">\n\t\t\t\t<div class=\"elementor-widget-container\">\n\t\t\t\t\t\t\t<div class=\"elementor-divider\">\n\t\t\t<span class=\"elementor-divider-separator\">\n\t\t\t\t\t\t<\/span>\n\t\t<\/div>\n\t\t\t\t\t\t<\/div>\n\t\t\t\t<\/div>\n\t\t\t\t<div class=\"elementor-element elementor-element-b7fc47f elementor-widget elementor-widget-text-editor\" data-id=\"b7fc47f\" data-element_type=\"widget\" data-e-type=\"widget\" data-widget_type=\"text-editor.default\">\n\t\t\t\t<div class=\"elementor-widget-container\">\n\t\t\t\t\t\t\t\t\t<p><strong>Qui\u00e9nes somos<\/strong><\/p><p>Somos un centro de seminarios vegano\/vegetariano, ubicado en un entorno rural.<\/p><p>A lo largo de todo el a\u00f1o, acogemos eventos para grupos de aproximadamente 20-35 personas. Nuestros grupos objetivo incluyen aquellos interesados en el trabajo corporal, yoga, meditaci\u00f3n, danza, mindfulness, formaci\u00f3n de equipos, coros y otros. <\/p><p>La cocina es el coraz\u00f3n de nuestra finca. Valoramos ingredientes sostenibles, de temporada y, en la medida de lo posible, locales. Apoyamos la cocina con nuestra propia producci\u00f3n biodin\u00e1mica.  <\/p><p>Estamos buscando un cocinero creativo, independiente y orientado al trabajo en equipo para una colaboraci\u00f3n a largo plazo.<\/p><p><strong style=\"color: var( --e-global-color-text ); font-family: var( --e-global-typography-text-font-family ), Sans-serif;\"> <\/strong><\/p><p><strong style=\"color: var( --e-global-color-text ); font-family: var( --e-global-typography-text-font-family ), Sans-serif;\">Tus responsabilidades<\/strong><\/p><ul><li>Planificaci\u00f3n, preparaci\u00f3n e implementaci\u00f3n de un men\u00fa vegano\/vegetariano en formato de buffet.<\/li><li>Cocinar con ingredientes frescos y variados para nuestros invitados.<\/li><li>Estar atento a las alergias y preparar platos veganos y sin gluten.<\/li><li>Supervisar al equipo establecido de cocina.<\/li><li>Garantizar el cumplimiento y control de los est\u00e1ndares de calidad, seguridad e higiene establecidos (HACCP).<\/li><\/ul><p><strong style=\"color: var( --e-global-color-text ); font-family: var( --e-global-typography-text-font-family ), Sans-serif;\"> <\/strong><\/p><p><strong style=\"color: var( --e-global-color-text ); font-family: var( --e-global-typography-text-font-family ), Sans-serif;\">Tu perfil<\/strong><\/p><ul><li>Experiencia como cocinero\/a de seminarios y preparaci\u00f3n de platos veganos y sin gluten de temporada.<\/li><li>Hospitalidad, calidez y apertura hacia nuestros invitados y sus necesidades.<\/li><li>Habilidad de comunicaci\u00f3n con el equipo y capacidad para coordinar tareas dentro del equipo de cocina.<\/li><li>Eres confiable, tienes iniciativa y est\u00e1s comprometido\/a.<\/li><li>Trabajas de manera independiente y valoras un entorno en el que puedes desarrollarte profesionalmente, incluso de manera creativa.<\/li><\/ul><p><strong> <\/strong><\/p><p><strong>Te ofrecemos<\/strong><\/p><ul><li>Una actividad variada y responsable en un centro familiar con un peque\u00f1o equipo dedicado y coordinado.<\/li><li>La posibilidad de desarrollarte de forma independiente y creativa, incluyendo la implementaci\u00f3n de tus propias ideas.<\/li><li>Un empleo seguro en un seminario que opera durante todo el a\u00f1o y cuenta con clientes de larga data.<\/li><li>Un ambiente de trabajo agradable con un trato respetuoso.<\/li><li>Hu\u00e9spedes apreciativos y amigables.<\/li><li>Un salario justo.<\/li><li>Un lugar de trabajo en medio de la naturaleza.<\/li><\/ul><p><strong> <\/strong><\/p><p><strong>\u00a1Aplica aqu\u00ed!<\/strong><\/p><p>\u00bfTienes la impresi\u00f3n de que encajas bien con nosotros y quieres ser parte de nuestro proyecto? Entonces, env\u00eda tus documentos de solicitud a Sarah, a la direcci\u00f3n de correo info(at)seminarhof-drawehn.de. \u00a1Esperamos tu solicitud!  <\/p>\t\t\t\t\t\t\t\t<\/div>\n\t\t\t\t<\/div>\n\t\t\t\t<div class=\"elementor-element elementor-element-49b17fc elementor-widget elementor-widget-gallery\" data-id=\"49b17fc\" data-element_type=\"widget\" data-e-type=\"widget\" data-settings=\"{&quot;columns&quot;:3,&quot;aspect_ratio&quot;:&quot;16:9&quot;,&quot;gap&quot;:{&quot;unit&quot;:&quot;px&quot;,&quot;size&quot;:20,&quot;sizes&quot;:[]},&quot;lazyload&quot;:&quot;yes&quot;,&quot;gallery_layout&quot;:&quot;grid&quot;,&quot;columns_tablet&quot;:2,&quot;columns_mobile&quot;:1,&quot;gap_tablet&quot;:{&quot;unit&quot;:&quot;px&quot;,&quot;size&quot;:10,&quot;sizes&quot;:[]},&quot;gap_mobile&quot;:{&quot;unit&quot;:&quot;px&quot;,&quot;size&quot;:10,&quot;sizes&quot;:[]},&quot;link_to&quot;:&quot;file&quot;,&quot;overlay_background&quot;:&quot;yes&quot;,&quot;content_hover_animation&quot;:&quot;fade-in&quot;}\" data-widget_type=\"gallery.default\">\n\t\t\t\t<div class=\"elementor-widget-container\">\n\t\t\t\t\t\t\t<div class=\"elementor-gallery__container\">\n\t\t\t\t\t\t\t<a class=\"e-gallery-item elementor-gallery-item elementor-animated-content\" href=\"https:\/\/seminarhof-drawehn.de\/wp-content\/uploads\/2023\/09\/Seminarhof-Drawehn-Wendland-Kueche-5.jpeg\" data-elementor-open-lightbox=\"yes\" data-elementor-lightbox-slideshow=\"49b17fc\" data-e-action-hash=\"#elementor-action%3Aaction%3Dlightbox%26settings%3DeyJpZCI6MTg0OSwidXJsIjoiaHR0cHM6XC9cL3NlbWluYXJob2YtZHJhd2Vobi5kZVwvd3AtY29udGVudFwvdXBsb2Fkc1wvMjAyM1wvMDlcL1NlbWluYXJob2YtRHJhd2Vobi1XZW5kbGFuZC1LdWVjaGUtNS5qcGVnIiwic2xpZGVzaG93IjoiNDliMTdmYyJ9\">\n\t\t\t\t\t<div class=\"e-gallery-image elementor-gallery-item__image\" data-thumbnail=\"https:\/\/seminarhof-drawehn.de\/wp-content\/uploads\/2023\/09\/Seminarhof-Drawehn-Wendland-Kueche-5-1024x768.jpeg\" data-width=\"800\" data-height=\"600\" aria-label=\"\" role=\"img\" ><\/div>\n\t\t\t\t\t\t\t\t\t\t\t<div class=\"elementor-gallery-item__overlay\"><\/div>\n\t\t\t\t\t\t\t\t\t\t\t\t\t\t<\/a>\n\t\t\t\t\t\t\t<a class=\"e-gallery-item elementor-gallery-item elementor-animated-content\" href=\"https:\/\/seminarhof-drawehn.de\/wp-content\/uploads\/2023\/09\/Seminarhof-Drawehn-Wendland-Kueche-1.jpeg\" data-elementor-open-lightbox=\"yes\" data-elementor-lightbox-slideshow=\"49b17fc\" data-e-action-hash=\"#elementor-action%3Aaction%3Dlightbox%26settings%3DeyJpZCI6MTg0MSwidXJsIjoiaHR0cHM6XC9cL3NlbWluYXJob2YtZHJhd2Vobi5kZVwvd3AtY29udGVudFwvdXBsb2Fkc1wvMjAyM1wvMDlcL1NlbWluYXJob2YtRHJhd2Vobi1XZW5kbGFuZC1LdWVjaGUtMS5qcGVnIiwic2xpZGVzaG93IjoiNDliMTdmYyJ9\">\n\t\t\t\t\t<div class=\"e-gallery-image elementor-gallery-item__image\" data-thumbnail=\"https:\/\/seminarhof-drawehn.de\/wp-content\/uploads\/2023\/09\/Seminarhof-Drawehn-Wendland-Kueche-1-1024x768.jpeg\" data-width=\"800\" data-height=\"600\" aria-label=\"\" role=\"img\" ><\/div>\n\t\t\t\t\t\t\t\t\t\t\t<div class=\"elementor-gallery-item__overlay\"><\/div>\n\t\t\t\t\t\t\t\t\t\t\t\t\t\t<\/a>\n\t\t\t\t\t\t\t<a class=\"e-gallery-item elementor-gallery-item elementor-animated-content\" href=\"https:\/\/seminarhof-drawehn.de\/wp-content\/uploads\/2023\/09\/Seminarhof-Drawehn-Wendland-Kueche-4.jpeg\" data-elementor-open-lightbox=\"yes\" data-elementor-lightbox-slideshow=\"49b17fc\" data-e-action-hash=\"#elementor-action%3Aaction%3Dlightbox%26settings%3DeyJpZCI6MTg0NywidXJsIjoiaHR0cHM6XC9cL3NlbWluYXJob2YtZHJhd2Vobi5kZVwvd3AtY29udGVudFwvdXBsb2Fkc1wvMjAyM1wvMDlcL1NlbWluYXJob2YtRHJhd2Vobi1XZW5kbGFuZC1LdWVjaGUtNC5qcGVnIiwic2xpZGVzaG93IjoiNDliMTdmYyJ9\">\n\t\t\t\t\t<div class=\"e-gallery-image elementor-gallery-item__image\" data-thumbnail=\"https:\/\/seminarhof-drawehn.de\/wp-content\/uploads\/2023\/09\/Seminarhof-Drawehn-Wendland-Kueche-4-1024x768.jpeg\" data-width=\"800\" data-height=\"600\" aria-label=\"\" role=\"img\" ><\/div>\n\t\t\t\t\t\t\t\t\t\t\t<div class=\"elementor-gallery-item__overlay\"><\/div>\n\t\t\t\t\t\t\t\t\t\t\t\t\t\t<\/a>\n\t\t\t\t\t\t\t<a class=\"e-gallery-item elementor-gallery-item elementor-animated-content\" href=\"https:\/\/seminarhof-drawehn.de\/wp-content\/uploads\/2023\/09\/Seminarhof-Drawehn-Wendland-Kueche-3.jpeg\" data-elementor-open-lightbox=\"yes\" data-elementor-lightbox-slideshow=\"49b17fc\" data-e-action-hash=\"#elementor-action%3Aaction%3Dlightbox%26settings%3DeyJpZCI6MTg0NSwidXJsIjoiaHR0cHM6XC9cL3NlbWluYXJob2YtZHJhd2Vobi5kZVwvd3AtY29udGVudFwvdXBsb2Fkc1wvMjAyM1wvMDlcL1NlbWluYXJob2YtRHJhd2Vobi1XZW5kbGFuZC1LdWVjaGUtMy5qcGVnIiwic2xpZGVzaG93IjoiNDliMTdmYyJ9\">\n\t\t\t\t\t<div class=\"e-gallery-image elementor-gallery-item__image\" data-thumbnail=\"https:\/\/seminarhof-drawehn.de\/wp-content\/uploads\/2023\/09\/Seminarhof-Drawehn-Wendland-Kueche-3-1024x768.jpeg\" data-width=\"800\" data-height=\"600\" aria-label=\"\" role=\"img\" ><\/div>\n\t\t\t\t\t\t\t\t\t\t\t<div class=\"elementor-gallery-item__overlay\"><\/div>\n\t\t\t\t\t\t\t\t\t\t\t\t\t\t<\/a>\n\t\t\t\t\t\t\t<a class=\"e-gallery-item elementor-gallery-item elementor-animated-content\" href=\"https:\/\/seminarhof-drawehn.de\/wp-content\/uploads\/2023\/09\/IMG_2738.jpg\" data-elementor-open-lightbox=\"yes\" data-elementor-lightbox-slideshow=\"49b17fc\" data-e-action-hash=\"#elementor-action%3Aaction%3Dlightbox%26settings%3DeyJpZCI6MTg1NSwidXJsIjoiaHR0cHM6XC9cL3NlbWluYXJob2YtZHJhd2Vobi5kZVwvd3AtY29udGVudFwvdXBsb2Fkc1wvMjAyM1wvMDlcL0lNR18yNzM4LmpwZyIsInNsaWRlc2hvdyI6IjQ5YjE3ZmMifQ%3D%3D\">\n\t\t\t\t\t<div class=\"e-gallery-image elementor-gallery-item__image\" data-thumbnail=\"https:\/\/seminarhof-drawehn.de\/wp-content\/uploads\/2023\/09\/IMG_2738-768x1024.jpg\" data-width=\"768\" data-height=\"1024\" aria-label=\"\" role=\"img\" ><\/div>\n\t\t\t\t\t\t\t\t\t\t\t<div class=\"elementor-gallery-item__overlay\"><\/div>\n\t\t\t\t\t\t\t\t\t\t\t\t\t\t<\/a>\n\t\t\t\t\t\t\t<a class=\"e-gallery-item elementor-gallery-item elementor-animated-content\" href=\"https:\/\/seminarhof-drawehn.de\/wp-content\/uploads\/2023\/09\/Seminarhof-Drawehn-Wendland-Rotebeete.jpeg\" data-elementor-open-lightbox=\"yes\" data-elementor-lightbox-slideshow=\"49b17fc\" data-e-action-hash=\"#elementor-action%3Aaction%3Dlightbox%26settings%3DeyJpZCI6MTg1MywidXJsIjoiaHR0cHM6XC9cL3NlbWluYXJob2YtZHJhd2Vobi5kZVwvd3AtY29udGVudFwvdXBsb2Fkc1wvMjAyM1wvMDlcL1NlbWluYXJob2YtRHJhd2Vobi1XZW5kbGFuZC1Sb3RlYmVldGUuanBlZyIsInNsaWRlc2hvdyI6IjQ5YjE3ZmMifQ%3D%3D\">\n\t\t\t\t\t<div class=\"e-gallery-image elementor-gallery-item__image\" data-thumbnail=\"https:\/\/seminarhof-drawehn.de\/wp-content\/uploads\/2023\/09\/Seminarhof-Drawehn-Wendland-Rotebeete-767x1024.jpeg\" data-width=\"767\" data-height=\"1024\" aria-label=\"\" role=\"img\" ><\/div>\n\t\t\t\t\t\t\t\t\t\t\t<div class=\"elementor-gallery-item__overlay\"><\/div>\n\t\t\t\t\t\t\t\t\t\t\t\t\t\t<\/a>\n\t\t\t\t\t\t\t<a class=\"e-gallery-item elementor-gallery-item elementor-animated-content\" href=\"https:\/\/seminarhof-drawehn.de\/wp-content\/uploads\/2023\/09\/Seminarhof-Drawehn-Wendland-Salat.jpeg\" data-elementor-open-lightbox=\"yes\" data-elementor-lightbox-slideshow=\"49b17fc\" data-e-action-hash=\"#elementor-action%3Aaction%3Dlightbox%26settings%3DeyJpZCI6MTg2MSwidXJsIjoiaHR0cHM6XC9cL3NlbWluYXJob2YtZHJhd2Vobi5kZVwvd3AtY29udGVudFwvdXBsb2Fkc1wvMjAyM1wvMDlcL1NlbWluYXJob2YtRHJhd2Vobi1XZW5kbGFuZC1TYWxhdC5qcGVnIiwic2xpZGVzaG93IjoiNDliMTdmYyJ9\">\n\t\t\t\t\t<div class=\"e-gallery-image elementor-gallery-item__image\" data-thumbnail=\"https:\/\/seminarhof-drawehn.de\/wp-content\/uploads\/2023\/09\/Seminarhof-Drawehn-Wendland-Salat-1024x768.jpeg\" data-width=\"800\" data-height=\"600\" aria-label=\"\" role=\"img\" ><\/div>\n\t\t\t\t\t\t\t\t\t\t\t<div class=\"elementor-gallery-item__overlay\"><\/div>\n\t\t\t\t\t\t\t\t\t\t\t\t\t\t<\/a>\n\t\t\t\t\t\t\t<a class=\"e-gallery-item elementor-gallery-item elementor-animated-content\" href=\"https:\/\/seminarhof-drawehn.de\/wp-content\/uploads\/2023\/09\/Seminarhof-Drawehn-Wendland-Zucchini.jpeg\" data-elementor-open-lightbox=\"yes\" data-elementor-lightbox-slideshow=\"49b17fc\" data-e-action-hash=\"#elementor-action%3Aaction%3Dlightbox%26settings%3DeyJpZCI6MTg2NSwidXJsIjoiaHR0cHM6XC9cL3NlbWluYXJob2YtZHJhd2Vobi5kZVwvd3AtY29udGVudFwvdXBsb2Fkc1wvMjAyM1wvMDlcL1NlbWluYXJob2YtRHJhd2Vobi1XZW5kbGFuZC1adWNjaGluaS5qcGVnIiwic2xpZGVzaG93IjoiNDliMTdmYyJ9\">\n\t\t\t\t\t<div class=\"e-gallery-image elementor-gallery-item__image\" data-thumbnail=\"https:\/\/seminarhof-drawehn.de\/wp-content\/uploads\/2023\/09\/Seminarhof-Drawehn-Wendland-Zucchini-767x1024.jpeg\" data-width=\"767\" data-height=\"1024\" aria-label=\"\" role=\"img\" ><\/div>\n\t\t\t\t\t\t\t\t\t\t\t<div class=\"elementor-gallery-item__overlay\"><\/div>\n\t\t\t\t\t\t\t\t\t\t\t\t\t\t<\/a>\n\t\t\t\t\t\t\t<a class=\"e-gallery-item elementor-gallery-item elementor-animated-content\" href=\"https:\/\/seminarhof-drawehn.de\/wp-content\/uploads\/2023\/09\/Seminarhof-Drawehn-Wendland-Mangold.jpeg\" data-elementor-open-lightbox=\"yes\" data-elementor-lightbox-slideshow=\"49b17fc\" data-e-action-hash=\"#elementor-action%3Aaction%3Dlightbox%26settings%3DeyJpZCI6MTg1NywidXJsIjoiaHR0cHM6XC9cL3NlbWluYXJob2YtZHJhd2Vobi5kZVwvd3AtY29udGVudFwvdXBsb2Fkc1wvMjAyM1wvMDlcL1NlbWluYXJob2YtRHJhd2Vobi1XZW5kbGFuZC1NYW5nb2xkLmpwZWciLCJzbGlkZXNob3ciOiI0OWIxN2ZjIn0%3D\">\n\t\t\t\t\t<div class=\"e-gallery-image elementor-gallery-item__image\" data-thumbnail=\"https:\/\/seminarhof-drawehn.de\/wp-content\/uploads\/2023\/09\/Seminarhof-Drawehn-Wendland-Mangold-767x1024.jpeg\" data-width=\"767\" data-height=\"1024\" aria-label=\"\" role=\"img\" ><\/div>\n\t\t\t\t\t\t\t\t\t\t\t<div class=\"elementor-gallery-item__overlay\"><\/div>\n\t\t\t\t\t\t\t\t\t\t\t\t\t\t<\/a>\n\t\t\t\t\t<\/div>\n\t\t\t\t\t<\/div>\n\t\t\t\t<\/div>\n\t\t\t\t\t<\/div>\n\t\t<\/div>\n\t\t\t\t\t<\/div>\n\t\t<\/section>\n\t\t\t\t<section class=\"elementor-section elementor-top-section elementor-element elementor-element-3cf0d67 elementor-section-boxed elementor-section-height-default elementor-section-height-default\" data-id=\"3cf0d67\" data-element_type=\"section\" data-e-type=\"section\">\n\t\t\t\t\t\t<div class=\"elementor-container elementor-column-gap-default\">\n\t\t\t\t\t<div class=\"elementor-column elementor-col-16 elementor-top-column elementor-element elementor-element-4b0e351\" data-id=\"4b0e351\" data-element_type=\"column\" data-e-type=\"column\">\n\t\t\t<div class=\"elementor-widget-wrap\">\n\t\t\t\t\t\t\t<\/div>\n\t\t<\/div>\n\t\t\t\t<div class=\"elementor-column elementor-col-66 elementor-top-column elementor-element elementor-element-c112595\" data-id=\"c112595\" data-element_type=\"column\" data-e-type=\"column\">\n\t\t\t<div class=\"elementor-widget-wrap\">\n\t\t\t\t\t\t\t<\/div>\n\t\t<\/div>\n\t\t\t\t<div class=\"elementor-column elementor-col-16 elementor-top-column elementor-element elementor-element-336a179\" data-id=\"336a179\" data-element_type=\"column\" data-e-type=\"column\">\n\t\t\t<div class=\"elementor-widget-wrap\">\n\t\t\t\t\t\t\t<\/div>\n\t\t<\/div>\n\t\t\t\t\t<\/div>\n\t\t<\/section>\n\t\t\t\t<\/div>\n\t\t","protected":false},"excerpt":{"rendered":"<p>Anuncio Estamos buscando cocineros veganos-vegetarianos. Qui\u00e9nes somos Somos un centro de seminarios vegano\/vegetariano, ubicado en un entorno rural. A lo largo de todo el a\u00f1o, acogemos eventos para grupos de aproximadamente 20-35 personas. Nuestros grupos objetivo incluyen aquellos interesados en el trabajo corporal, yoga, meditaci\u00f3n, danza, mindfulness, formaci\u00f3n de equipos, coros y otros. La cocina [&hellip;]<\/p>\n","protected":false},"author":1,"featured_media":0,"parent":0,"menu_order":0,"comment_status":"closed","ping_status":"closed","template":"elementor_header_footer","meta":{"footnotes":""},"class_list":["post-2442","page","type-page","status-publish","hentry"],"_links":{"self":[{"href":"https:\/\/seminarhof-drawehn.de\/es\/wp-json\/wp\/v2\/pages\/2442","targetHints":{"allow":["GET"]}}],"collection":[{"href":"https:\/\/seminarhof-drawehn.de\/es\/wp-json\/wp\/v2\/pages"}],"about":[{"href":"https:\/\/seminarhof-drawehn.de\/es\/wp-json\/wp\/v2\/types\/page"}],"author":[{"embeddable":true,"href":"https:\/\/seminarhof-drawehn.de\/es\/wp-json\/wp\/v2\/users\/1"}],"replies":[{"embeddable":true,"href":"https:\/\/seminarhof-drawehn.de\/es\/wp-json\/wp\/v2\/comments?post=2442"}],"version-history":[{"count":10,"href":"https:\/\/seminarhof-drawehn.de\/es\/wp-json\/wp\/v2\/pages\/2442\/revisions"}],"predecessor-version":[{"id":4544,"href":"https:\/\/seminarhof-drawehn.de\/es\/wp-json\/wp\/v2\/pages\/2442\/revisions\/4544"}],"wp:attachment":[{"href":"https:\/\/seminarhof-drawehn.de\/es\/wp-json\/wp\/v2\/media?parent=2442"}],"curies":[{"name":"wp","href":"https:\/\/api.w.org\/{rel}","templated":true}]}}