{"id":2264,"date":"2023-08-24T21:23:06","date_gmt":"2023-08-24T19:23:06","guid":{"rendered":"https:\/\/seminarhof-drawehn.de\/llegada\/"},"modified":"2025-08-08T10:21:50","modified_gmt":"2025-08-08T08:21:50","slug":"llegada","status":"publish","type":"page","link":"https:\/\/seminarhof-drawehn.de\/es\/llegada\/","title":{"rendered":"C\u00f3mo llegar"},"content":{"rendered":"\t\t<div data-elementor-type=\"wp-page\" data-elementor-id=\"2264\" class=\"elementor elementor-2264 elementor-37\" data-elementor-post-type=\"page\">\n\t\t\t\t\t\t<section class=\"elementor-section elementor-top-section elementor-element elementor-element-1ae514a elementor-section-height-min-height coverbild elementor-section-content-middle elementor-section-boxed elementor-section-height-default elementor-section-items-middle\" data-id=\"1ae514a\" data-element_type=\"section\" data-e-type=\"section\" data-settings=\"{&quot;background_background&quot;:&quot;classic&quot;}\">\n\t\t\t\t\t\t\t<div class=\"elementor-background-overlay\"><\/div>\n\t\t\t\t\t\t\t<div class=\"elementor-container elementor-column-gap-default\">\n\t\t\t\t\t<div class=\"elementor-column elementor-col-100 elementor-top-column elementor-element elementor-element-7e8d659\" data-id=\"7e8d659\" data-element_type=\"column\" data-e-type=\"column\">\n\t\t\t<div class=\"elementor-widget-wrap elementor-element-populated\">\n\t\t\t\t\t\t<div class=\"elementor-element elementor-element-bd6caea animated-slow elementor-invisible elementor-widget elementor-widget-global elementor-global-3097 elementor-widget-image\" data-id=\"bd6caea\" data-element_type=\"widget\" data-e-type=\"widget\" data-settings=\"{&quot;_animation&quot;:&quot;fadeIn&quot;,&quot;_animation_delay&quot;:500}\" data-widget_type=\"image.default\">\n\t\t\t\t<div class=\"elementor-widget-container\">\n\t\t\t\t\t\t\t\t\t\t\t\t\t\t\t<img decoding=\"async\" width=\"1\" height=\"1\" src=\"https:\/\/seminarhof-drawehn.de\/wp-content\/uploads\/2023\/11\/White-5.svg\" class=\"attachment-medium size-medium wp-image-3091\" alt=\"\" \/>\t\t\t\t\t\t\t\t\t\t\t\t\t\t\t<\/div>\n\t\t\t\t<\/div>\n\t\t\t\t<div class=\"elementor-element elementor-element-00d6a95 elementor-invisible elementor-widget elementor-widget-heading\" data-id=\"00d6a95\" data-element_type=\"widget\" data-e-type=\"widget\" data-settings=\"{&quot;_animation&quot;:&quot;fadeIn&quot;,&quot;_animation_delay&quot;:2000}\" data-widget_type=\"heading.default\">\n\t\t\t\t<div class=\"elementor-widget-container\">\n\t\t\t\t\t<h1 class=\"elementor-heading-title elementor-size-default\">C\u00f3mo llegar<\/h1>\t\t\t\t<\/div>\n\t\t\t\t<\/div>\n\t\t\t\t<div class=\"elementor-element elementor-element-bd0c88d elementor-widget-divider--view-line elementor-invisible elementor-widget elementor-widget-divider\" data-id=\"bd0c88d\" data-element_type=\"widget\" data-e-type=\"widget\" data-settings=\"{&quot;_animation&quot;:&quot;fadeIn&quot;,&quot;_animation_delay&quot;:3000}\" data-widget_type=\"divider.default\">\n\t\t\t\t<div class=\"elementor-widget-container\">\n\t\t\t\t\t\t\t<div class=\"elementor-divider\">\n\t\t\t<span class=\"elementor-divider-separator\">\n\t\t\t\t\t\t<\/span>\n\t\t<\/div>\n\t\t\t\t\t\t<\/div>\n\t\t\t\t<\/div>\n\t\t\t\t\t<\/div>\n\t\t<\/div>\n\t\t\t\t\t<\/div>\n\t\t<\/section>\n\t\t\t\t<section class=\"elementor-section elementor-top-section elementor-element elementor-element-67acfece elementor-section-boxed elementor-section-height-default elementor-section-height-default\" data-id=\"67acfece\" data-element_type=\"section\" data-e-type=\"section\" data-settings=\"{&quot;background_background&quot;:&quot;classic&quot;}\">\n\t\t\t\t\t\t<div class=\"elementor-container elementor-column-gap-default\">\n\t\t\t\t\t<div class=\"elementor-column elementor-col-50 elementor-top-column elementor-element elementor-element-21a22e3\" data-id=\"21a22e3\" data-element_type=\"column\" data-e-type=\"column\">\n\t\t\t<div class=\"elementor-widget-wrap elementor-element-populated\">\n\t\t\t\t\t\t<div class=\"elementor-element elementor-element-b86b484 elementor-widget elementor-widget-text-editor\" data-id=\"b86b484\" data-element_type=\"widget\" data-e-type=\"widget\" data-widget_type=\"text-editor.default\">\n\t\t\t\t<div class=\"elementor-widget-container\">\n\t\t\t\t\t\t\t\t\t<p>Seminarhof Drawehn<br>Im alten Rundling 13<br>29459 Clenze OT Kassau<\/p>\t\t\t\t\t\t\t\t<\/div>\n\t\t\t\t<\/div>\n\t\t\t\t\t<\/div>\n\t\t<\/div>\n\t\t\t\t<div class=\"elementor-column elementor-col-50 elementor-top-column elementor-element elementor-element-60bc3d00\" data-id=\"60bc3d00\" data-element_type=\"column\" data-e-type=\"column\">\n\t\t\t<div class=\"elementor-widget-wrap elementor-element-populated\">\n\t\t\t\t\t\t<div class=\"elementor-element elementor-element-5c9c529f elementor-widget elementor-widget-google_maps\" data-id=\"5c9c529f\" data-element_type=\"widget\" data-e-type=\"widget\" data-widget_type=\"google_maps.default\">\n\t\t\t\t<div class=\"elementor-widget-container\">\n\t\t\t\t\t\t\t<div class=\"elementor-custom-embed\">\n\t\t\t<iframe loading=\"lazy\"\n\t\t\t\t\tsrc=\"https:\/\/maps.google.com\/maps?q=Seminarhof%20Drawehn&#038;t=m&#038;z=12&#038;output=embed&#038;iwloc=near\"\n\t\t\t\t\ttitle=\"Seminarhof Drawehn\"\n\t\t\t\t\taria-label=\"Seminarhof Drawehn\"\n\t\t\t><\/iframe>\n\t\t<\/div>\n\t\t\t\t\t\t<\/div>\n\t\t\t\t<\/div>\n\t\t\t\t\t<\/div>\n\t\t<\/div>\n\t\t\t\t\t<\/div>\n\t\t<\/section>\n\t\t\t\t<section class=\"elementor-section elementor-top-section elementor-element elementor-element-c111e2d elementor-section-boxed elementor-section-height-default elementor-section-height-default\" data-id=\"c111e2d\" data-element_type=\"section\" data-e-type=\"section\" data-settings=\"{&quot;background_background&quot;:&quot;classic&quot;}\">\n\t\t\t\t\t\t<div class=\"elementor-container elementor-column-gap-default\">\n\t\t\t\t\t<div class=\"elementor-column elementor-col-100 elementor-top-column elementor-element elementor-element-fe95f56\" data-id=\"fe95f56\" data-element_type=\"column\" data-e-type=\"column\">\n\t\t\t<div class=\"elementor-widget-wrap elementor-element-populated\">\n\t\t\t\t\t\t<div class=\"elementor-element elementor-element-0cfb0e6 elementor-widget elementor-widget-heading\" data-id=\"0cfb0e6\" data-element_type=\"widget\" data-e-type=\"widget\" data-widget_type=\"heading.default\">\n\t\t\t\t<div class=\"elementor-widget-container\">\n\t\t\t\t\t<h2 class=\"elementor-heading-title elementor-size-default\">Por tren<br><\/h2>\t\t\t\t<\/div>\n\t\t\t\t<\/div>\n\t\t\t\t<div class=\"elementor-element elementor-element-3f672d7 elementor-widget-divider--view-line elementor-widget elementor-widget-global elementor-global-101 elementor-widget-divider\" data-id=\"3f672d7\" data-element_type=\"widget\" data-e-type=\"widget\" data-settings=\"{&quot;_animation&quot;:&quot;none&quot;,&quot;_animation_delay&quot;:3000}\" data-widget_type=\"divider.default\">\n\t\t\t\t<div class=\"elementor-widget-container\">\n\t\t\t\t\t\t\t<div class=\"elementor-divider\">\n\t\t\t<span class=\"elementor-divider-separator\">\n\t\t\t\t\t\t<\/span>\n\t\t<\/div>\n\t\t\t\t\t\t<\/div>\n\t\t\t\t<\/div>\n\t\t\t\t<div class=\"elementor-element elementor-element-bea7b05 elementor-widget elementor-widget-text-editor\" data-id=\"bea7b05\" data-element_type=\"widget\" data-e-type=\"widget\" data-widget_type=\"text-editor.default\">\n\t\t\t\t<div class=\"elementor-widget-container\">\n\t\t\t\t\t\t\t\t\t<p><strong>La estaci\u00f3n de tren m\u00e1s cercana es la Estaci\u00f3n de Schnega. <\/strong><\/p><p><span style=\"font-weight: 400;\">Desde all\u00ed, tienes tres opciones para llegar a Seminarhof Drawehn. <\/span><\/p>\t\t\t\t\t\t\t\t<\/div>\n\t\t\t\t<\/div>\n\t\t\t\t\t<\/div>\n\t\t<\/div>\n\t\t\t\t\t<\/div>\n\t\t<\/section>\n\t\t\t\t<section class=\"elementor-section elementor-top-section elementor-element elementor-element-12696a6 elementor-section-boxed elementor-section-height-default elementor-section-height-default\" data-id=\"12696a6\" data-element_type=\"section\" data-e-type=\"section\" data-settings=\"{&quot;background_background&quot;:&quot;classic&quot;}\">\n\t\t\t\t\t\t<div class=\"elementor-container elementor-column-gap-default\">\n\t\t\t\t\t<div class=\"elementor-column elementor-col-100 elementor-top-column elementor-element elementor-element-46f6716\" data-id=\"46f6716\" data-element_type=\"column\" data-e-type=\"column\">\n\t\t\t<div class=\"elementor-widget-wrap\">\n\t\t\t\t\t\t\t<\/div>\n\t\t<\/div>\n\t\t\t\t\t<\/div>\n\t\t<\/section>\n\t\t\t\t<section class=\"elementor-section elementor-top-section elementor-element elementor-element-41cecfe elementor-section-boxed elementor-section-height-default elementor-section-height-default\" data-id=\"41cecfe\" data-element_type=\"section\" data-e-type=\"section\" data-settings=\"{&quot;background_background&quot;:&quot;classic&quot;}\">\n\t\t\t\t\t\t<div class=\"elementor-container elementor-column-gap-default\">\n\t\t\t\t\t<div class=\"elementor-column elementor-col-33 elementor-top-column elementor-element elementor-element-a88ea1b\" data-id=\"a88ea1b\" data-element_type=\"column\" data-e-type=\"column\">\n\t\t\t<div class=\"elementor-widget-wrap elementor-element-populated\">\n\t\t\t\t\t\t<div class=\"elementor-element elementor-element-b36cdfe elementor-widget elementor-widget-text-editor\" data-id=\"b36cdfe\" data-element_type=\"widget\" data-e-type=\"widget\" data-widget_type=\"text-editor.default\">\n\t\t\t\t<div class=\"elementor-widget-container\">\n\t\t\t\t\t\t\t\t\t<div class=\"fusion-text fusion-text-4\"><div class=\"fusion-text fusion-text-2\"><p><a href=\"https:\/\/www.kirschbaum-taxi.de\/\" target=\"_blank\" rel=\"noopener\"><strong>En taxi<\/strong><\/a><\/p><p><span style=\"font-weight: 400;\">En Schnega, los trenes llegan cada dos horas, as\u00ed los hu\u00e9spedes llegan a menudo al mismo tiempo y pueden formar grupos de taxi compartido. Para esto, por favor, contacta a tu organizador del evento.<\/span><\/p><p><a href=\"https:\/\/www.kirschbaum-taxi.de\/\" target=\"_blank\" rel=\"noopener\">&gt; Taxi sitio web<\/a><\/p><\/div><\/div>\t\t\t\t\t\t\t\t<\/div>\n\t\t\t\t<\/div>\n\t\t\t\t\t<\/div>\n\t\t<\/div>\n\t\t\t\t<div class=\"elementor-column elementor-col-33 elementor-top-column elementor-element elementor-element-3337067\" data-id=\"3337067\" data-element_type=\"column\" data-e-type=\"column\">\n\t\t\t<div class=\"elementor-widget-wrap elementor-element-populated\">\n\t\t\t\t\t\t<div class=\"elementor-element elementor-element-183547b elementor-widget elementor-widget-text-editor\" data-id=\"183547b\" data-element_type=\"widget\" data-e-type=\"widget\" data-widget_type=\"text-editor.default\">\n\t\t\t\t<div class=\"elementor-widget-container\">\n\t\t\t\t\t\t\t\t\t<div class=\"fusion-text fusion-text-4\"><div class=\"fusion-text fusion-text-2\"><p><a href=\"https:\/\/www.google.com\/maps\/dir\/Seminarhof+Drawehn,+Im+Alten+Rundling+13,+29459+Clenze,+Germany\/Schnega+Bahnhof,+Schnega,+Germany\/@52.8914441,10.8841595,13z\/data=!3m1!4b1!4m14!4m13!1m5!1m1!1s0x47b1f3ad681618e7:0x479bb7d969342f56!2m2!1d10.9488532!2d52.9133827!1m5!1m1!1s0x47afb5677869d045:0x8802390ba91ba2f!2m2!1d10.8901728!2d52.8691735!3e1?hl=en-GB&amp;entry=ttu\" target=\"_blank\" rel=\"noopener\"><strong>En bicicleta<\/strong><\/a><\/p><p>Si tienes la opci\u00f3n de viajar en bicicleta, te llevar\u00e1 aproximadamente media hora, a trav\u00e9s de una ruta muy bonita, para llegar a Seminarhof Drawehn desde Schnega. La distancia es de aproximadamente 8 kil\u00f3metros.<\/p><p><a href=\"https:\/\/www.google.com\/maps\/dir\/Seminarhof+Drawehn,+Im+Alten+Rundling+13,+29459+Clenze,+Germany\/Schnega+Bahnhof,+Schnega,+Germany\/@52.8914441,10.8841595,13z\/data=!3m1!4b1!4m14!4m13!1m5!1m1!1s0x47b1f3ad681618e7:0x479bb7d969342f56!2m2!1d10.9488532!2d52.9133827!1m5!1m1!1s0x47afb5677869d045:0x8802390ba91ba2f!2m2!1d10.8901728!2d52.8691735!3e1?hl=en-GB&amp;entry=ttu\" target=\"_blank\" rel=\"noopener\">&gt; Ruta a trav\u00e9s de Google Maps<\/a><\/p><\/div><\/div>\t\t\t\t\t\t\t\t<\/div>\n\t\t\t\t<\/div>\n\t\t\t\t\t<\/div>\n\t\t<\/div>\n\t\t\t\t<div class=\"elementor-column elementor-col-33 elementor-top-column elementor-element elementor-element-2bca49a\" data-id=\"2bca49a\" data-element_type=\"column\" data-e-type=\"column\">\n\t\t\t<div class=\"elementor-widget-wrap elementor-element-populated\">\n\t\t\t\t\t\t<div class=\"elementor-element elementor-element-1781f77 elementor-widget elementor-widget-text-editor\" data-id=\"1781f77\" data-element_type=\"widget\" data-e-type=\"widget\" data-widget_type=\"text-editor.default\">\n\t\t\t\t<div class=\"elementor-widget-container\">\n\t\t\t\t\t\t\t\t\t<div class=\"fusion-text fusion-text-4\"><div class=\"fusion-text fusion-text-2\"><p><a href=\"https:\/\/www.vbn.de\/fahrplaner\/?language=de_DE&amp;P=TP&amp;SID=A%3D1%40O%3DSchnega%40X%3D10890342%40Y%3D52869013%40U%3D80%40L%3D9082158%40B%3D1%40p%3D1754610184%40&amp;ZID=A%3D1%40O%3DClenze-Kassau%20Jiggeler%20Stra%C3%9Fe%40X%3D10947405%40Y%3D52913995%40U%3D80%40L%3D9017986%40B%3D1%40p%3D1754610184%40&amp;start=yes&amp;widget=1.0.0&amp;\" target=\"_blank\" rel=\"noopener\"><strong>Minib\u00fas<\/strong><\/a><\/p><p>Hay un minib\u00fas cada 2 horas desde la estaci\u00f3n de tren de Schnega hasta Kassau (calle Jiggeler). <strong>Nota:<\/strong> al ser un minib\u00fas, los grupos, cochecitos, bicicletas y sillas de ruedas deben reservarse con al menos un d\u00eda de antelaci\u00f3n. <\/p><p><a href=\"https:\/\/www.vbn.de\/fahrplaner\/?language=de_DE&amp;P=TP&amp;SID=A%3D1%40O%3DSchnega%40X%3D10890342%40Y%3D52869013%40U%3D80%40L%3D9082158%40B%3D1%40p%3D1754610184%40&amp;ZID=A%3D1%40O%3DClenze-Kassau%20Jiggeler%20Stra%C3%9Fe%40X%3D10947405%40Y%3D52913995%40U%3D80%40L%3D9017986%40B%3D1%40p%3D1754610184%40&amp;start=yes&amp;widget=1.0.0&amp;\" target=\"_blank\" rel=\"noopener\">&gt; P\u00e1gina web minib\u00fas<\/a><\/p><\/div><\/div>\t\t\t\t\t\t\t\t<\/div>\n\t\t\t\t<\/div>\n\t\t\t\t\t<\/div>\n\t\t<\/div>\n\t\t\t\t\t<\/div>\n\t\t<\/section>\n\t\t\t\t<section class=\"elementor-section elementor-top-section elementor-element elementor-element-7e2596c elementor-section-boxed elementor-section-height-default elementor-section-height-default\" data-id=\"7e2596c\" data-element_type=\"section\" data-e-type=\"section\" data-settings=\"{&quot;background_background&quot;:&quot;classic&quot;}\">\n\t\t\t\t\t\t<div class=\"elementor-container elementor-column-gap-default\">\n\t\t\t\t\t<div class=\"elementor-column elementor-col-100 elementor-top-column elementor-element elementor-element-6e9e2b6\" data-id=\"6e9e2b6\" data-element_type=\"column\" data-e-type=\"column\">\n\t\t\t<div class=\"elementor-widget-wrap elementor-element-populated\">\n\t\t\t\t\t\t<div class=\"elementor-element elementor-element-ffd0278 elementor-widget elementor-widget-spacer\" data-id=\"ffd0278\" data-element_type=\"widget\" data-e-type=\"widget\" data-widget_type=\"spacer.default\">\n\t\t\t\t<div class=\"elementor-widget-container\">\n\t\t\t\t\t\t\t<div class=\"elementor-spacer\">\n\t\t\t<div class=\"elementor-spacer-inner\"><\/div>\n\t\t<\/div>\n\t\t\t\t\t\t<\/div>\n\t\t\t\t<\/div>\n\t\t\t\t\t<\/div>\n\t\t<\/div>\n\t\t\t\t\t<\/div>\n\t\t<\/section>\n\t\t\t\t<section class=\"elementor-section elementor-top-section elementor-element elementor-element-14d5caa elementor-section-boxed elementor-section-height-default elementor-section-height-default\" data-id=\"14d5caa\" data-element_type=\"section\" data-e-type=\"section\" data-settings=\"{&quot;background_background&quot;:&quot;classic&quot;}\">\n\t\t\t\t\t\t<div class=\"elementor-container elementor-column-gap-default\">\n\t\t\t\t\t<div class=\"elementor-column elementor-col-100 elementor-top-column elementor-element elementor-element-ebcf87a\" data-id=\"ebcf87a\" data-element_type=\"column\" data-e-type=\"column\">\n\t\t\t<div class=\"elementor-widget-wrap elementor-element-populated\">\n\t\t\t\t\t\t<div class=\"elementor-element elementor-element-f823c60 elementor-widget elementor-widget-heading\" data-id=\"f823c60\" data-element_type=\"widget\" data-e-type=\"widget\" data-widget_type=\"heading.default\">\n\t\t\t\t<div class=\"elementor-widget-container\">\n\t\t\t\t\t<h2 class=\"elementor-heading-title elementor-size-default\">En coche\n<\/h2>\t\t\t\t<\/div>\n\t\t\t\t<\/div>\n\t\t\t\t<div class=\"elementor-element elementor-element-439beca elementor-widget-divider--view-line elementor-widget elementor-widget-global elementor-global-101 elementor-widget-divider\" data-id=\"439beca\" data-element_type=\"widget\" data-e-type=\"widget\" data-settings=\"{&quot;_animation&quot;:&quot;none&quot;,&quot;_animation_delay&quot;:3000}\" data-widget_type=\"divider.default\">\n\t\t\t\t<div class=\"elementor-widget-container\">\n\t\t\t\t\t\t\t<div class=\"elementor-divider\">\n\t\t\t<span class=\"elementor-divider-separator\">\n\t\t\t\t\t\t<\/span>\n\t\t<\/div>\n\t\t\t\t\t\t<\/div>\n\t\t\t\t<\/div>\n\t\t\t\t<div class=\"elementor-element elementor-element-b3ce421 elementor-widget elementor-widget-text-editor\" data-id=\"b3ce421\" data-element_type=\"widget\" data-e-type=\"widget\" data-widget_type=\"text-editor.default\">\n\t\t\t\t<div class=\"elementor-widget-container\">\n\t\t\t\t\t\t\t\t\t<p><strong>Direcci\u00f3n<\/strong><\/p><p><a href=\"https:\/\/www.google.com\/maps?ll=52.913363,10.948928&amp;z=12&amp;t=m&amp;hl=en-GB&amp;gl=US&amp;mapclient=embed&amp;cid=5159919942483849046\" target=\"_blank\" rel=\"noopener\"><span style=\"font-weight: 400;\">Seminarhof Drawehn, Im alten Rundling 13, 29459 Clenze OT Kassau<\/span><\/a><\/p><p><strong>Estacionamiento<\/strong><\/p><p><span style=\"font-weight: 400;\">Por favor, utiliza<\/span> <b>primero<\/b> <span style=\"font-weight: 400;\">nuestros espacios de estacionamiento en el Mandala<\/span> <span style=\"font-weight: 400;\">(ingresa por Jiggeler Str.), despu\u00e9s, los autos pueden estacionarse frente a la entrada principal. Por favor, no estaciones frente a las entradas de nuestros vecinos.<\/span><\/p>\t\t\t\t\t\t\t\t<\/div>\n\t\t\t\t<\/div>\n\t\t\t\t<div class=\"elementor-element elementor-element-1b92667 elementor-widget elementor-widget-image\" data-id=\"1b92667\" data-element_type=\"widget\" data-e-type=\"widget\" data-widget_type=\"image.default\">\n\t\t\t\t<div class=\"elementor-widget-container\">\n\t\t\t\t\t\t\t\t\t\t\t\t\t\t\t<img fetchpriority=\"high\" decoding=\"async\" width=\"800\" height=\"366\" src=\"https:\/\/seminarhof-drawehn.de\/wp-content\/uploads\/2023\/11\/Seminarhof-Drawehn-Parking-1024x469.png\" class=\"attachment-large size-large wp-image-2585\" alt=\"\" srcset=\"https:\/\/seminarhof-drawehn.de\/wp-content\/uploads\/2023\/11\/Seminarhof-Drawehn-Parking-1024x469.png 1024w, https:\/\/seminarhof-drawehn.de\/wp-content\/uploads\/2023\/11\/Seminarhof-Drawehn-Parking-300x137.png 300w, https:\/\/seminarhof-drawehn.de\/wp-content\/uploads\/2023\/11\/Seminarhof-Drawehn-Parking-768x352.png 768w, https:\/\/seminarhof-drawehn.de\/wp-content\/uploads\/2023\/11\/Seminarhof-Drawehn-Parking.png 1451w\" sizes=\"(max-width: 800px) 100vw, 800px\" \/>\t\t\t\t\t\t\t\t\t\t\t\t\t\t\t<\/div>\n\t\t\t\t<\/div>\n\t\t\t\t\t<\/div>\n\t\t<\/div>\n\t\t\t\t\t<\/div>\n\t\t<\/section>\n\t\t\t\t<\/div>\n\t\t","protected":false},"excerpt":{"rendered":"<p>C\u00f3mo llegar Seminarhof DrawehnIm alten Rundling 1329459 Clenze OT Kassau Por tren La estaci\u00f3n de tren m\u00e1s cercana es la Estaci\u00f3n de Schnega. Desde all\u00ed, tienes tres opciones para llegar a Seminarhof Drawehn. En taxi En Schnega, los trenes llegan cada dos horas, as\u00ed los hu\u00e9spedes llegan a menudo al mismo tiempo y pueden formar [&hellip;]<\/p>\n","protected":false},"author":1,"featured_media":0,"parent":0,"menu_order":0,"comment_status":"closed","ping_status":"closed","template":"elementor_header_footer","meta":{"footnotes":""},"class_list":["post-2264","page","type-page","status-publish","hentry"],"_links":{"self":[{"href":"https:\/\/seminarhof-drawehn.de\/es\/wp-json\/wp\/v2\/pages\/2264","targetHints":{"allow":["GET"]}}],"collection":[{"href":"https:\/\/seminarhof-drawehn.de\/es\/wp-json\/wp\/v2\/pages"}],"about":[{"href":"https:\/\/seminarhof-drawehn.de\/es\/wp-json\/wp\/v2\/types\/page"}],"author":[{"embeddable":true,"href":"https:\/\/seminarhof-drawehn.de\/es\/wp-json\/wp\/v2\/users\/1"}],"replies":[{"embeddable":true,"href":"https:\/\/seminarhof-drawehn.de\/es\/wp-json\/wp\/v2\/comments?post=2264"}],"version-history":[{"count":10,"href":"https:\/\/seminarhof-drawehn.de\/es\/wp-json\/wp\/v2\/pages\/2264\/revisions"}],"predecessor-version":[{"id":4598,"href":"https:\/\/seminarhof-drawehn.de\/es\/wp-json\/wp\/v2\/pages\/2264\/revisions\/4598"}],"wp:attachment":[{"href":"https:\/\/seminarhof-drawehn.de\/es\/wp-json\/wp\/v2\/media?parent=2264"}],"curies":[{"name":"wp","href":"https:\/\/api.w.org\/{rel}","templated":true}]}}